{"id":3461,"date":"2022-05-10T16:34:45","date_gmt":"2022-05-10T14:34:45","guid":{"rendered":"https:\/\/nodiatelier.fr\/?page_id=3461"},"modified":"2025-09-02T12:04:17","modified_gmt":"2025-09-02T10:04:17","slug":"atelier-de-creation-cinemailles","status":"publish","type":"page","link":"https:\/\/nodiatelier.fr\/it\/atelier-de-creation-cinemailles\/","title":{"rendered":"Atelier de cr\u00e9ation"},"content":{"rendered":"<p>[et_pb_section fb_built=\u00a0\u00bb1&Prime; _builder_version=\u00a0\u00bb4.16&Prime; custom_padding=\u00a0\u00bb1px||1px||true|\u00a0\u00bb da_disable_devices=\u00a0\u00bboff|off|off\u00a0\u00bb global_colors_info=\u00a0\u00bb{}\u00a0\u00bb da_is_popup=\u00a0\u00bboff\u00a0\u00bb da_exit_intent=\u00a0\u00bboff\u00a0\u00bb da_has_close=\u00a0\u00bbon\u00a0\u00bb da_alt_close=\u00a0\u00bboff\u00a0\u00bb da_dark_close=\u00a0\u00bboff\u00a0\u00bb da_not_modal=\u00a0\u00bbon\u00a0\u00bb da_is_singular=\u00a0\u00bboff\u00a0\u00bb da_with_loader=\u00a0\u00bboff\u00a0\u00bb da_has_shadow=\u00a0\u00bbon\u00a0\u00bb][et_pb_row _builder_version=\u00a0\u00bb4.16&Prime; custom_margin=\u00a0\u00bb69px|auto||auto||\u00a0\u00bb global_colors_info=\u00a0\u00bb{}\u00a0\u00bb][et_pb_column type=\u00a0\u00bb4_4&Prime; _builder_version=\u00a0\u00bb4.16&Prime; custom_padding=\u00a0\u00bb|||\u00a0\u00bb global_colors_info=\u00a0\u00bb{}\u00a0\u00bb custom_padding__hover=\u00a0\u00bb|||\u00a0\u00bb][et_pb_text _builder_version=\u00a0\u00bb4.27.4&Prime; _module_preset=\u00a0\u00bbdefault\u00a0\u00bb header_font=\u00a0\u00bbAbhaya Libre|||on|||||\u00a0\u00bb hover_enabled=\u00a0\u00bb0&Prime; global_colors_info=\u00a0\u00bb{}\u00a0\u00bb sticky_enabled=\u00a0\u00bb0&Prime;]<\/p>\n<h1 style=\"text-align: center;\">Qui je suis ?<\/h1>\n<h1 style=\"text-align: center;\">\u00a0Laura Tortoreti<\/h1>\n<p>&nbsp;<\/p>\n<h2 style=\"text-align: center;\">L\u2019histoire racont\u00e9e par mes mains<\/h2>\n<p>[\/et_pb_text][\/et_pb_column][\/et_pb_row][et_pb_row _builder_version=\u00a0\u00bb4.27.4&Prime; _module_preset=\u00a0\u00bbdefault\u00a0\u00bb column_structure=\u00a0\u00bb1_2,1_2&Prime; hover_enabled=\u00a0\u00bb0&Prime; sticky_enabled=\u00a0\u00bb0&Prime;][et_pb_column _builder_version=\u00a0\u00bb4.27.4&Prime; _module_preset=\u00a0\u00bbdefault\u00a0\u00bb type=\u00a0\u00bb1_2&Prime;][et_pb_image src=\u00a0\u00bbhttps:\/\/nodiatelier.fr\/wp-content\/uploads\/2025\/09\/Maille-artisanale.webp\u00a0\u00bb _builder_version=\u00a0\u00bb4.27.4&Prime; _module_preset=\u00a0\u00bbdefault\u00a0\u00bb alt=\u00a0\u00bbArtisanat, sur mesure, mariage\u00a0\u00bb title_text=\u00a0\u00bbMaille artisanale\u00a0\u00bb hover_enabled=\u00a0\u00bb0&Prime; sticky_enabled=\u00a0\u00bb0&Prime; width=\u00a0\u00bb55%\u00a0\u00bb module_alignment=\u00a0\u00bbcenter\u00a0\u00bb][\/et_pb_image][et_pb_image _builder_version=\u00a0\u00bb4.27.4&Prime; _module_preset=\u00a0\u00bbdefault\u00a0\u00bb title_text=\u00a0\u00bbNodi Atelier \u00e0 Arras\u00a0\u00bb src=\u00a0\u00bbhttps:\/\/nodiatelier.fr\/wp-content\/uploads\/2025\/09\/Nodi-Atelier-a-Arras-scaled.webp\u00a0\u00bb hover_enabled=\u00a0\u00bb0&Prime; sticky_enabled=\u00a0\u00bb0&Prime; width=\u00a0\u00bb56%\u00a0\u00bb custom_margin=\u00a0\u00bb16px||||false|false\u00a0\u00bb][\/et_pb_image][\/et_pb_column][et_pb_column _builder_version=\u00a0\u00bb4.27.4&Prime; _module_preset=\u00a0\u00bbdefault\u00a0\u00bb type=\u00a0\u00bb1_2&Prime; hover_enabled=\u00a0\u00bb0&Prime; sticky_enabled=\u00a0\u00bb0&Prime;][et_pb_text _builder_version=\u00a0\u00bb4.27.4&Prime; _module_preset=\u00a0\u00bbdefault\u00a0\u00bb header_font=\u00a0\u00bbAbhaya Libre|||on|||||\u00a0\u00bb hover_enabled=\u00a0\u00bb0&Prime; global_colors_info=\u00a0\u00bb{}\u00a0\u00bb sticky_enabled=\u00a0\u00bb0&Prime; custom_margin=\u00a0\u00bb|||-39px|false|false\u00a0\u00bb]<\/p>\n<p>C\u2019est moi, la main gauche. Ou la droite. Peu importe : nous travaillons toujours ensemble.<br \/>Depuis toujours, nous fa\u00e7onnons, nouons, d\u00e9cousons, recousons. Nous avons grandi dans l\u2019atelier de ma m\u00e8re, au milieu des tissus, des \u00e9pingles, et du rythme lent et pr\u00e9cis de la couture sur mesure. L\u00e0, nous avons appris la patience, le respect du geste juste, et l\u2019amour du d\u00e9tail.<\/p>\n<p>Notre histoire a commenc\u00e9 en Italie \u2014 un pays o\u00f9 l\u2019artisanat est un langage, un h\u00e9ritage. L\u00e0-bas, le savoir-faire est une culture, une mani\u00e8re de vivre. C\u2019est aussi l\u00e0 que s\u2019est ancr\u00e9 en nous deux le go\u00fbt des choses bien faites, le sens du beau, du durable, de l\u2019intemporel.<\/p>\n<p>Puis, en 2024, main dans la main avec notre t\u00eate et notre c\u0153ur, nous avons fond\u00e9 Nodi Atelier.<br \/>Nodi est n\u00e9 sur les fondations de Cinemailles, une premi\u00e8re aventure qui nous a form\u00e9es, mises \u00e0 l\u2019\u00e9preuve, fa\u00e7onn\u00e9es.<br \/>Nodi, c\u2019est la suite naturelle : une envie de cr\u00e9er autrement, dans la continuit\u00e9 de nos valeurs \u2014 \u00e0 rebours de la fast fashion, pour des v\u00eatements qui prennent le temps d\u2019exister.<\/p>\n<p>Chaque pi\u00e8ce que nous r\u00e9alisons raconte un lien \u2014 un nodo, un n\u0153ud justement. Entre les mati\u00e8res, les gestes, les gens.<br \/>Nous d\u00e9fendons un style de consommation plus respectueux de l\u2019environnement, des saisons, et de celles et ceux qui cr\u00e9ent \u00e0 la main, lentement, sinc\u00e8rement.<\/p>\n<p>Chez Nodi, rien n\u2019est laiss\u00e9 au hasard. Chaque tricot, chaque finition, chaque texture passe par nous \u2014 la droite et la gauche.<br \/>Nous aimons donner vie \u00e0 des v\u00eatements uniques, pleins de caract\u00e8re, sensibles au temps et aux histoires.<\/p>\n<p>Ici, ce sont mes mains qui vous parlent.<br \/>Et ce qu\u2019elles fabriquent, c\u2019est un peu de nous, pour un peu de vous.<\/p>\n<p>[\/et_pb_text][\/et_pb_column][\/et_pb_row][et_pb_row _builder_version=\u00a0\u00bb4.16&Prime; custom_margin=\u00a0\u00bb69px|auto||auto||\u00a0\u00bb global_colors_info=\u00a0\u00bb{}\u00a0\u00bb][et_pb_column type=\u00a0\u00bb4_4&Prime; _builder_version=\u00a0\u00bb4.16&Prime; custom_padding=\u00a0\u00bb|||\u00a0\u00bb global_colors_info=\u00a0\u00bb{}\u00a0\u00bb custom_padding__hover=\u00a0\u00bb|||\u00a0\u00bb][et_pb_text _builder_version=\u00a0\u00bb4.27.4&Prime; _module_preset=\u00a0\u00bbdefault\u00a0\u00bb header_font=\u00a0\u00bbAbhaya Libre|||on|||||\u00a0\u00bb hover_enabled=\u00a0\u00bb0&Prime; global_colors_info=\u00a0\u00bb{}\u00a0\u00bb sticky_enabled=\u00a0\u00bb0&Prime;]<\/p>\n<h1 style=\"text-align: center;\">L&rsquo;atelier de cr\u00e9ation Nodi Atelier<\/h1>\n<p>[\/et_pb_text][\/et_pb_column][\/et_pb_row][et_pb_row use_custom_gutter=\u00a0\u00bbon\u00a0\u00bb _builder_version=\u00a0\u00bb4.16&Prime; _module_preset=\u00a0\u00bbdefault\u00a0\u00bb width=\u00a0\u00bb90%\u00a0\u00bb module_alignment=\u00a0\u00bbcenter\u00a0\u00bb min_height=\u00a0\u00bb694.5px\u00a0\u00bb custom_margin=\u00a0\u00bb|180px||180px||\u00a0\u00bb custom_padding=\u00a0\u00bb||0px|||\u00a0\u00bb global_colors_info=\u00a0\u00bb{}\u00a0\u00bb][et_pb_column type=\u00a0\u00bb4_4&Prime; _builder_version=\u00a0\u00bb4.16&Prime; _module_preset=\u00a0\u00bbdefault\u00a0\u00bb global_colors_info=\u00a0\u00bb{}\u00a0\u00bb][et_pb_video src_tablet=\u00a0\u00bbhttps:\/\/nodiatelier.fr\/wp-content\/uploads\/2022\/05\/Pre\u0301sentation-Cinemailles-version-finale-avec-cre\u0301dit-musique-1.mp4&Prime; src_phone=\u00a0\u00bbhttps:\/\/nodiatelier.fr\/wp-content\/uploads\/2022\/05\/Pre\u0301sentation-Cinemailles-version-finale-avec-cre\u0301dit-musique-1.mp4&Prime; src_last_edited=\u00a0\u00bbon|phone\u00a0\u00bb _builder_version=\u00a0\u00bb4.27.4&Prime; _module_preset=\u00a0\u00bbdefault\u00a0\u00bb hover_enabled=\u00a0\u00bb0&Prime; global_colors_info=\u00a0\u00bb{}\u00a0\u00bb sticky_enabled=\u00a0\u00bb0&Prime; title_text=\u00a0\u00bbPresentation Atelier\u00a0\u00bb src=\u00a0\u00bbhttps:\/\/nodiatelier.fr\/wp-content\/uploads\/2025\/09\/Presentation-Atelier.mp4&Prime;][\/et_pb_video][et_pb_text _builder_version=\u00a0\u00bb4.17.3&Prime; _module_preset=\u00a0\u00bbdefault\u00a0\u00bb min_height=\u00a0\u00bb51.8px\u00a0\u00bb custom_margin=\u00a0\u00bb||46px|||\u00a0\u00bb global_colors_info=\u00a0\u00bb{}\u00a0\u00bb]<\/p>\n<p>Musique : <em>A Grand Finish<\/em> &#8211; Kris Bowers<\/p>\n<p>[\/et_pb_text][\/et_pb_column][\/et_pb_row][et_pb_row _builder_version=\u00a0\u00bb4.16&Prime; _module_preset=\u00a0\u00bbdefault\u00a0\u00bb custom_margin=\u00a0\u00bb-408px|auto||auto||\u00a0\u00bb global_colors_info=\u00a0\u00bb{}\u00a0\u00bb][et_pb_column type=\u00a0\u00bb4_4&Prime; _builder_version=\u00a0\u00bb4.16&Prime; _module_preset=\u00a0\u00bbdefault\u00a0\u00bb global_colors_info=\u00a0\u00bb{}\u00a0\u00bb][\/et_pb_column][\/et_pb_row][et_pb_row _builder_version=\u00a0\u00bb4.16&Prime; _module_preset=\u00a0\u00bbdefault\u00a0\u00bb custom_margin=\u00a0\u00bb-38px|auto||auto||\u00a0\u00bb custom_padding=\u00a0\u00bb0px|||||\u00a0\u00bb global_colors_info=\u00a0\u00bb{}\u00a0\u00bb][et_pb_column type=\u00a0\u00bb4_4&Prime; _builder_version=\u00a0\u00bb4.16&Prime; _module_preset=\u00a0\u00bbdefault\u00a0\u00bb global_colors_info=\u00a0\u00bb{}\u00a0\u00bb][et_pb_button button_url=\u00a0\u00bbhttps:\/\/nodiatelier.fr\/contact\/\u00a0\u00bb button_text=\u00a0\u00bbUne question ?\u00a0\u00bb button_alignment=\u00a0\u00bbcenter\u00a0\u00bb _builder_version=\u00a0\u00bb4.18.0&Prime; custom_button=\u00a0\u00bbon\u00a0\u00bb button_text_color=\u00a0\u00bb#615466&Prime; button_bg_color=\u00a0\u00bbRGBA(255,255,255,0)\u00a0\u00bb button_border_width=\u00a0\u00bb1px\u00a0\u00bb button_use_icon=\u00a0\u00bboff\u00a0\u00bb custom_margin=\u00a0\u00bb-52px|||||\u00a0\u00bb global_colors_info=\u00a0\u00bb{}\u00a0\u00bb button_bg_color__hover_enabled=\u00a0\u00bbon|hover\u00a0\u00bb button_bg_color__hover=\u00a0\u00bbRGBA(255,255,255,0)\u00a0\u00bb button_bg_enable_color__hover=\u00a0\u00bbon\u00a0\u00bb button_border_width__hover_enabled=\u00a0\u00bbon|hover\u00a0\u00bb button_border_width__hover=\u00a0\u00bb0px\u00a0\u00bb button_border_color__hover_enabled=\u00a0\u00bbon|hover\u00a0\u00bb button_border_color__hover=\u00a0\u00bbRGBA(255,255,255,0)\u00a0\u00bb button_text_color__hover_enabled=\u00a0\u00bbon|hover\u00a0\u00bb button_text_color__hover=\u00a0\u00bb#da8356&Prime;][\/et_pb_button][\/et_pb_column][\/et_pb_row][\/et_pb_section]<\/p>\n","protected":false},"excerpt":{"rendered":"<p>Qui je suis ? \u00a0Laura Tortoreti &nbsp; L\u2019histoire racont\u00e9e par mes mainsC\u2019est moi, la main gauche. Ou la droite. Peu importe : nous travaillons toujours ensemble.Depuis toujours, nous fa\u00e7onnons, nouons, d\u00e9cousons, recousons. Nous avons grandi dans l\u2019atelier de ma m\u00e8re, au milieu des tissus, des \u00e9pingles, et du rythme lent et pr\u00e9cis de la couture [&hellip;]<\/p>\n","protected":false},"author":7,"featured_media":0,"parent":0,"menu_order":0,"comment_status":"closed","ping_status":"closed","template":"","meta":{"_et_pb_use_builder":"on","_et_pb_old_content":"","_et_gb_content_width":"","footnotes":""},"class_list":["post-3461","page","type-page","status-publish","hentry"],"yoast_head":"<!-- This site is optimized with the Yoast SEO plugin v27.5 - https:\/\/yoast.com\/product\/yoast-seo-wordpress\/ -->\n<title>Atelier de cr\u00e9ation - Nodi Atelier<\/title>\n<meta name=\"robots\" content=\"index, follow, max-snippet:-1, max-image-preview:large, max-video-preview:-1\" \/>\n<link rel=\"canonical\" href=\"https:\/\/nodiatelier.fr\/it\/atelier-de-creation-cinemailles\/\" \/>\n<meta property=\"og:locale\" content=\"it_IT\" \/>\n<meta property=\"og:type\" content=\"article\" \/>\n<meta property=\"og:title\" content=\"Atelier de cr\u00e9ation - Nodi Atelier\" \/>\n<meta property=\"og:description\" content=\"Qui je suis ? \u00a0Laura Tortoreti &nbsp; L\u2019histoire racont\u00e9e par mes mainsC\u2019est moi, la main gauche. Ou la droite. Peu importe : nous travaillons toujours ensemble.Depuis toujours, nous fa\u00e7onnons, nouons, d\u00e9cousons, recousons. Nous avons grandi dans l\u2019atelier de ma m\u00e8re, au milieu des tissus, des \u00e9pingles, et du rythme lent et pr\u00e9cis de la couture [&hellip;]\" \/>\n<meta property=\"og:url\" content=\"https:\/\/nodiatelier.fr\/it\/atelier-de-creation-cinemailles\/\" \/>\n<meta property=\"og:site_name\" content=\"Nodi Atelier\" \/>\n<meta property=\"article:modified_time\" content=\"2025-09-02T10:04:17+00:00\" \/>\n<meta name=\"twitter:card\" content=\"summary_large_image\" \/>\n<meta name=\"twitter:label1\" content=\"Tempo di lettura stimato\" \/>\n\t<meta name=\"twitter:data1\" content=\"1 minuto\" \/>\n<script type=\"application\/ld+json\" class=\"yoast-schema-graph\">{\"@context\":\"https:\\\/\\\/schema.org\",\"@graph\":[{\"@type\":\"WebPage\",\"@id\":\"https:\\\/\\\/nodiatelier.fr\\\/atelier-de-creation-cinemailles\\\/\",\"url\":\"https:\\\/\\\/nodiatelier.fr\\\/atelier-de-creation-cinemailles\\\/\",\"name\":\"Atelier de cr\u00e9ation - Nodi Atelier\",\"isPartOf\":{\"@id\":\"https:\\\/\\\/nodiatelier.fr\\\/#website\"},\"datePublished\":\"2022-05-10T14:34:45+00:00\",\"dateModified\":\"2025-09-02T10:04:17+00:00\",\"breadcrumb\":{\"@id\":\"https:\\\/\\\/nodiatelier.fr\\\/atelier-de-creation-cinemailles\\\/#breadcrumb\"},\"inLanguage\":\"it-IT\",\"potentialAction\":[{\"@type\":\"ReadAction\",\"target\":[\"https:\\\/\\\/nodiatelier.fr\\\/atelier-de-creation-cinemailles\\\/\"]}]},{\"@type\":\"BreadcrumbList\",\"@id\":\"https:\\\/\\\/nodiatelier.fr\\\/atelier-de-creation-cinemailles\\\/#breadcrumb\",\"itemListElement\":[{\"@type\":\"ListItem\",\"position\":1,\"name\":\"Accueil\",\"item\":\"https:\\\/\\\/nodiatelier.fr\\\/\"},{\"@type\":\"ListItem\",\"position\":2,\"name\":\"Atelier de cr\u00e9ation\"}]},{\"@type\":\"WebSite\",\"@id\":\"https:\\\/\\\/nodiatelier.fr\\\/#website\",\"url\":\"https:\\\/\\\/nodiatelier.fr\\\/\",\"name\":\"Nodi Atelier\",\"description\":\"Un artisan sp\u00e9cialiste de la maille pour cr\u00e9er votre vetement d\u2019exception\",\"potentialAction\":[{\"@type\":\"SearchAction\",\"target\":{\"@type\":\"EntryPoint\",\"urlTemplate\":\"https:\\\/\\\/nodiatelier.fr\\\/?s={search_term_string}\"},\"query-input\":{\"@type\":\"PropertyValueSpecification\",\"valueRequired\":true,\"valueName\":\"search_term_string\"}}],\"inLanguage\":\"it-IT\"}]}<\/script>\n<!-- \/ Yoast SEO plugin. -->","yoast_head_json":{"title":"Atelier de cr\u00e9ation - Nodi Atelier","robots":{"index":"index","follow":"follow","max-snippet":"max-snippet:-1","max-image-preview":"max-image-preview:large","max-video-preview":"max-video-preview:-1"},"canonical":"https:\/\/nodiatelier.fr\/it\/atelier-de-creation-cinemailles\/","og_locale":"it_IT","og_type":"article","og_title":"Atelier de cr\u00e9ation - Nodi Atelier","og_description":"Qui je suis ? \u00a0Laura Tortoreti &nbsp; L\u2019histoire racont\u00e9e par mes mainsC\u2019est moi, la main gauche. Ou la droite. Peu importe : nous travaillons toujours ensemble.Depuis toujours, nous fa\u00e7onnons, nouons, d\u00e9cousons, recousons. Nous avons grandi dans l\u2019atelier de ma m\u00e8re, au milieu des tissus, des \u00e9pingles, et du rythme lent et pr\u00e9cis de la couture [&hellip;]","og_url":"https:\/\/nodiatelier.fr\/it\/atelier-de-creation-cinemailles\/","og_site_name":"Nodi Atelier","article_modified_time":"2025-09-02T10:04:17+00:00","twitter_card":"summary_large_image","twitter_misc":{"Tempo di lettura stimato":"1 minuto"},"schema":{"@context":"https:\/\/schema.org","@graph":[{"@type":"WebPage","@id":"https:\/\/nodiatelier.fr\/atelier-de-creation-cinemailles\/","url":"https:\/\/nodiatelier.fr\/atelier-de-creation-cinemailles\/","name":"Atelier de cr\u00e9ation - Nodi Atelier","isPartOf":{"@id":"https:\/\/nodiatelier.fr\/#website"},"datePublished":"2022-05-10T14:34:45+00:00","dateModified":"2025-09-02T10:04:17+00:00","breadcrumb":{"@id":"https:\/\/nodiatelier.fr\/atelier-de-creation-cinemailles\/#breadcrumb"},"inLanguage":"it-IT","potentialAction":[{"@type":"ReadAction","target":["https:\/\/nodiatelier.fr\/atelier-de-creation-cinemailles\/"]}]},{"@type":"BreadcrumbList","@id":"https:\/\/nodiatelier.fr\/atelier-de-creation-cinemailles\/#breadcrumb","itemListElement":[{"@type":"ListItem","position":1,"name":"Accueil","item":"https:\/\/nodiatelier.fr\/"},{"@type":"ListItem","position":2,"name":"Atelier de cr\u00e9ation"}]},{"@type":"WebSite","@id":"https:\/\/nodiatelier.fr\/#website","url":"https:\/\/nodiatelier.fr\/","name":"Nodi Atelier","description":"Un artisan sp\u00e9cialiste de la maille pour cr\u00e9er votre vetement d\u2019exception","potentialAction":[{"@type":"SearchAction","target":{"@type":"EntryPoint","urlTemplate":"https:\/\/nodiatelier.fr\/?s={search_term_string}"},"query-input":{"@type":"PropertyValueSpecification","valueRequired":true,"valueName":"search_term_string"}}],"inLanguage":"it-IT"}]}},"_links":{"self":[{"href":"https:\/\/nodiatelier.fr\/it\/wp-json\/wp\/v2\/pages\/3461","targetHints":{"allow":["GET"]}}],"collection":[{"href":"https:\/\/nodiatelier.fr\/it\/wp-json\/wp\/v2\/pages"}],"about":[{"href":"https:\/\/nodiatelier.fr\/it\/wp-json\/wp\/v2\/types\/page"}],"author":[{"embeddable":true,"href":"https:\/\/nodiatelier.fr\/it\/wp-json\/wp\/v2\/users\/7"}],"replies":[{"embeddable":true,"href":"https:\/\/nodiatelier.fr\/it\/wp-json\/wp\/v2\/comments?post=3461"}],"version-history":[{"count":18,"href":"https:\/\/nodiatelier.fr\/it\/wp-json\/wp\/v2\/pages\/3461\/revisions"}],"predecessor-version":[{"id":15473,"href":"https:\/\/nodiatelier.fr\/it\/wp-json\/wp\/v2\/pages\/3461\/revisions\/15473"}],"wp:attachment":[{"href":"https:\/\/nodiatelier.fr\/it\/wp-json\/wp\/v2\/media?parent=3461"}],"curies":[{"name":"wp","href":"https:\/\/api.w.org\/{rel}","templated":true}]}}