{"id":2681,"date":"2021-12-02T16:42:55","date_gmt":"2021-12-02T15:42:55","guid":{"rendered":"https:\/\/nodiatelier.fr\/?page_id=2681"},"modified":"2026-04-27T12:14:42","modified_gmt":"2026-04-27T10:14:42","slug":"les-secrets-de-fabrication-du-snood","status":"publish","type":"page","link":"https:\/\/nodiatelier.fr\/it\/les-secrets-de-fabrication-du-snood\/","title":{"rendered":"Les secrets de fabrication du snood"},"content":{"rendered":"<p>[et_pb_section fb_built=\u00a0\u00bb1&Prime; next_background_color=\u00a0\u00bb#ffffff\u00a0\u00bb _builder_version=\u00a0\u00bb4.16&Prime; use_background_color_gradient=\u00a0\u00bbon\u00a0\u00bb background_color_gradient_stops=\u00a0\u00bbrgba(255,255,255,0.16) 0%|rgba(255,255,255,0.64) 100%\u00a0\u00bb background_color_gradient_overlays_image=\u00a0\u00bbon\u00a0\u00bb background_color_gradient_start=\u00a0\u00bbrgba(255,255,255,0.16)\u00a0\u00bb background_color_gradient_end=\u00a0\u00bbrgba(255,255,255,0.64)\u00a0\u00bb background_image=\u00a0\u00bbhttps:\/\/nodiatelier.fr\/wp-content\/uploads\/2021\/10\/Bannie\u0300re.png\u00a0\u00bb min_height=\u00a0\u00bb372px\u00a0\u00bb custom_padding=\u00a0\u00bb64px|||||\u00a0\u00bb bottom_divider_style=\u00a0\u00bbasymmetric4&Prime; custom_css_main_element=\u00a0\u00bbheight:400px;\u00a0\u00bb da_disable_devices=\u00a0\u00bboff|off|off\u00a0\u00bb locked=\u00a0\u00bboff\u00a0\u00bb global_colors_info=\u00a0\u00bb{}\u00a0\u00bb da_is_popup=\u00a0\u00bboff\u00a0\u00bb da_exit_intent=\u00a0\u00bboff\u00a0\u00bb da_has_close=\u00a0\u00bbon\u00a0\u00bb da_alt_close=\u00a0\u00bboff\u00a0\u00bb da_dark_close=\u00a0\u00bboff\u00a0\u00bb da_not_modal=\u00a0\u00bbon\u00a0\u00bb da_is_singular=\u00a0\u00bboff\u00a0\u00bb da_with_loader=\u00a0\u00bboff\u00a0\u00bb da_has_shadow=\u00a0\u00bbon\u00a0\u00bb][et_pb_row _builder_version=\u00a0\u00bb4.16&Prime; custom_margin=\u00a0\u00bb4px|auto|4px|auto|true|\u00a0\u00bb global_colors_info=\u00a0\u00bb{}\u00a0\u00bb][et_pb_column type=\u00a0\u00bb4_4&Prime; _builder_version=\u00a0\u00bb4.16&Prime; custom_padding=\u00a0\u00bb|||\u00a0\u00bb global_colors_info=\u00a0\u00bb{}\u00a0\u00bb custom_padding__hover=\u00a0\u00bb|||\u00a0\u00bb][et_pb_text _builder_version=\u00a0\u00bb4.27.6&Prime; text_font=\u00a0\u00bbVerdana||||||||\u00a0\u00bb text_text_color=\u00a0\u00bb#564266&Prime; text_font_size=\u00a0\u00bb30px\u00a0\u00bb header_font=\u00a0\u00bb||||||||\u00a0\u00bb hover_enabled=\u00a0\u00bb0&Prime; text_font_size_tablet=\u00a0\u00bb\u00a0\u00bb text_font_size_phone=\u00a0\u00bb40px\u00a0\u00bb text_font_size_last_edited=\u00a0\u00bbon|desktop\u00a0\u00bb text_letter_spacing_tablet=\u00a0\u00bb\u00a0\u00bb text_letter_spacing_phone=\u00a0\u00bb\u00a0\u00bb text_letter_spacing_last_edited=\u00a0\u00bbon|desktop\u00a0\u00bb global_colors_info=\u00a0\u00bb{}\u00a0\u00bb sticky_enabled=\u00a0\u00bb0&Prime;]<\/p>\n<p style=\"text-align: center;\">Nodi Atelier<\/p>\n<p>[\/et_pb_text][et_pb_text _builder_version=\u00a0\u00bb4.16&Prime; text_font=\u00a0\u00bbNunito Sans||||||||\u00a0\u00bb text_text_color=\u00a0\u00bb#615466&Prime; text_font_size=\u00a0\u00bb24px\u00a0\u00bb header_font=\u00a0\u00bb||||||||\u00a0\u00bb global_colors_info=\u00a0\u00bb{}\u00a0\u00bb]<\/p>\n<p style=\"text-align: center;\">Un artisan sp\u00e9cialiste de la maille pour cr\u00e9er votre pull d&rsquo;exception<\/p>\n<p>[\/et_pb_text][et_pb_button button_url=\u00a0\u00bbhttps:\/\/nodiatelier.fr\/contact\/\u00a0\u00bb button_text=\u00a0\u00bbNous contacter\u00a0\u00bb button_alignment=\u00a0\u00bbcenter\u00a0\u00bb _builder_version=\u00a0\u00bb4.25.1&Prime; global_colors_info=\u00a0\u00bb{}\u00a0\u00bb][\/et_pb_button][\/et_pb_column][\/et_pb_row][\/et_pb_section][et_pb_section fb_built=\u00a0\u00bb1&Prime; _builder_version=\u00a0\u00bb4.16&Prime; custom_padding=\u00a0\u00bb1px||1px||true|\u00a0\u00bb da_disable_devices=\u00a0\u00bboff|off|off\u00a0\u00bb global_colors_info=\u00a0\u00bb{}\u00a0\u00bb da_is_popup=\u00a0\u00bboff\u00a0\u00bb da_exit_intent=\u00a0\u00bboff\u00a0\u00bb da_has_close=\u00a0\u00bbon\u00a0\u00bb da_alt_close=\u00a0\u00bboff\u00a0\u00bb da_dark_close=\u00a0\u00bboff\u00a0\u00bb da_not_modal=\u00a0\u00bbon\u00a0\u00bb da_is_singular=\u00a0\u00bboff\u00a0\u00bb da_with_loader=\u00a0\u00bboff\u00a0\u00bb da_has_shadow=\u00a0\u00bbon\u00a0\u00bb][et_pb_row _builder_version=\u00a0\u00bb4.16&Prime; global_colors_info=\u00a0\u00bb{}\u00a0\u00bb][et_pb_column type=\u00a0\u00bb4_4&Prime; _builder_version=\u00a0\u00bb4.16&Prime; custom_padding=\u00a0\u00bb|||\u00a0\u00bb global_colors_info=\u00a0\u00bb{}\u00a0\u00bb custom_padding__hover=\u00a0\u00bb|||\u00a0\u00bb][et_pb_text module_class=\u00a0\u00bbfancy-title\u00a0\u00bb _builder_version=\u00a0\u00bb4.16&Prime; custom_padding=\u00a0\u00bb||1px|||\u00a0\u00bb global_colors_info=\u00a0\u00bb{}\u00a0\u00bb]<\/p>\n<h1 class=\"fancy-title\">Les secrets de fabrication du snood<\/h1>\n<p>[\/et_pb_text][\/et_pb_column][\/et_pb_row][et_pb_row use_custom_gutter=\u00a0\u00bbon\u00a0\u00bb _builder_version=\u00a0\u00bb4.25.1&Prime; _module_preset=\u00a0\u00bbdefault\u00a0\u00bb width=\u00a0\u00bb90%\u00a0\u00bb module_alignment=\u00a0\u00bbcenter\u00a0\u00bb custom_margin=\u00a0\u00bb|180px||180px||\u00a0\u00bb custom_padding=\u00a0\u00bb||0px|||\u00a0\u00bb global_colors_info=\u00a0\u00bb{}\u00a0\u00bb][et_pb_column type=\u00a0\u00bb4_4&Prime; _builder_version=\u00a0\u00bb4.25.1&Prime; _module_preset=\u00a0\u00bbdefault\u00a0\u00bb global_colors_info=\u00a0\u00bb{}\u00a0\u00bb][et_pb_slider use_text_overlay=\u00a0\u00bbon\u00a0\u00bb text_overlay_color=\u00a0\u00bbrgba(97,84,102,0.4)\u00a0\u00bb _builder_version=\u00a0\u00bb4.25.1&Prime; _module_preset=\u00a0\u00bbdefault\u00a0\u00bb header_text_color=\u00a0\u00bb#FFFFFF\u00a0\u00bb width_last_edited=\u00a0\u00bboff|phone\u00a0\u00bb height_tablet=\u00a0\u00bb\u00a0\u00bb height_phone=\u00a0\u00bb275px\u00a0\u00bb height_last_edited=\u00a0\u00bbon|phone\u00a0\u00bb custom_padding=\u00a0\u00bb300px||220px||false|false\u00a0\u00bb custom_padding_tablet=\u00a0\u00bb300px||220px||false|false\u00a0\u00bb custom_padding_phone=\u00a0\u00bb1px||1px||false|false\u00a0\u00bb custom_padding_last_edited=\u00a0\u00bbon|phone\u00a0\u00bb body_font_size_tablet=\u00a0\u00bb\u00a0\u00bb body_font_size_phone=\u00a0\u00bb\u00a0\u00bb body_font_size_last_edited=\u00a0\u00bbon|phone\u00a0\u00bb header_text_shadow_style=\u00a0\u00bbpreset2&Prime; global_colors_info=\u00a0\u00bb{}\u00a0\u00bb][et_pb_slide heading=\u00a0\u00bb\u00c9tape 1 : UN FIL 100% NATUREL\u00a0\u00bb button_link=\u00a0\u00bb#voir-le-modele-en-detail\u00a0\u00bb use_text_overlay=\u00a0\u00bbon\u00a0\u00bb text_overlay_color=\u00a0\u00bbrgba(97,84,102,0.4)\u00a0\u00bb _builder_version=\u00a0\u00bb4.16&Prime; _module_preset=\u00a0\u00bbdefault\u00a0\u00bb body_font_size=\u00a0\u00bb20px\u00a0\u00bb background_color=\u00a0\u00bbrgba(97,84,102,0.4)\u00a0\u00bb background_enable_color=\u00a0\u00bbon\u00a0\u00bb background_image=\u00a0\u00bbhttps:\/\/nodiatelier.fr\/wp-content\/uploads\/2021\/12\/pelottes-retouche\u0301es.png\u00a0\u00bb background_enable_image=\u00a0\u00bbon\u00a0\u00bb header_font_size_tablet=\u00a0\u00bb\u00a0\u00bb header_font_size_phone=\u00a0\u00bb16px\u00a0\u00bb header_font_size_last_edited=\u00a0\u00bbon|phone\u00a0\u00bb body_font_size_tablet=\u00a0\u00bb20px\u00a0\u00bb body_font_size_phone=\u00a0\u00bb14px\u00a0\u00bb body_font_size_last_edited=\u00a0\u00bbon|phone\u00a0\u00bb global_colors_info=\u00a0\u00bb{}\u00a0\u00bb sticky_transition=\u00a0\u00bbon\u00a0\u00bb]<\/p>\n<p><strong>75% mohair, 25% soie<\/strong> fabriqu\u00e9 en Italie. L\u00e9g\u00e8ret\u00e9, chaleur, douceur et lumi\u00e8re incomparable.<\/p>\n<p>[\/et_pb_slide][et_pb_slide heading=\u00a0\u00bb\u00c9tape 2 : LE TRICOTAGE\u00a0\u00bb button_link=\u00a0\u00bb#voir-le-modele-en-detail\u00a0\u00bb use_text_overlay=\u00a0\u00bbon\u00a0\u00bb text_overlay_color=\u00a0\u00bbrgba(97,84,102,0.4)\u00a0\u00bb _builder_version=\u00a0\u00bb4.25.1&Prime; _module_preset=\u00a0\u00bbdefault\u00a0\u00bb body_font_size=\u00a0\u00bb20px\u00a0\u00bb background_color=\u00a0\u00bbrgba(97,84,102,0.4)\u00a0\u00bb background_enable_color=\u00a0\u00bbon\u00a0\u00bb background_image=\u00a0\u00bbhttps:\/\/nodiatelier.fr\/wp-content\/uploads\/2024\/06\/IMG_20231114_141625-scaled.jpg\u00a0\u00bb background_enable_image=\u00a0\u00bbon\u00a0\u00bb header_font_size_tablet=\u00a0\u00bb\u00a0\u00bb header_font_size_phone=\u00a0\u00bb16px\u00a0\u00bb header_font_size_last_edited=\u00a0\u00bbon|phone\u00a0\u00bb body_font_size_tablet=\u00a0\u00bb20px\u00a0\u00bb body_font_size_phone=\u00a0\u00bb14px\u00a0\u00bb body_font_size_last_edited=\u00a0\u00bbon|phone\u00a0\u00bb body_text_shadow_style=\u00a0\u00bbpreset2&Prime; global_colors_info=\u00a0\u00bb{}\u00a0\u00bb sticky_transition=\u00a0\u00bbon\u00a0\u00bb]<\/p>\n<p>sur un <strong>m\u00e9tier artisanal<\/strong> dans l&rsquo;atelier Nodi \u00e0 Arras.<\/p>\n<p>[\/et_pb_slide][et_pb_slide heading=\u00a0\u00bb\u00c9tape 3 : LE REPASSAGE\u00a0\u00bb button_link=\u00a0\u00bb#voir-le-modele-en-detail\u00a0\u00bb use_text_overlay=\u00a0\u00bbon\u00a0\u00bb text_overlay_color=\u00a0\u00bbrgba(97,84,102,0.4)\u00a0\u00bb _builder_version=\u00a0\u00bb4.16&Prime; _module_preset=\u00a0\u00bbdefault\u00a0\u00bb body_font_size=\u00a0\u00bb20px\u00a0\u00bb background_color=\u00a0\u00bbrgba(97,84,102,0.4)\u00a0\u00bb background_enable_color=\u00a0\u00bbon\u00a0\u00bb background_video_mp4=\u00a0\u00bbhttps:\/\/nodiatelier.fr\/wp-content\/uploads\/2021\/12\/0A176FE7-46B4-4AF3-8759-FDBA2D42F483_2_0_a.mp4&Prime; background_enable_video_mp4=\u00a0\u00bbon\u00a0\u00bb header_font_size_tablet=\u00a0\u00bb\u00a0\u00bb header_font_size_phone=\u00a0\u00bb16px\u00a0\u00bb header_font_size_last_edited=\u00a0\u00bbon|phone\u00a0\u00bb body_text_shadow_style=\u00a0\u00bbpreset2&Prime; text_shadow_style=\u00a0\u00bbpreset2&Prime; global_colors_info=\u00a0\u00bb{}\u00a0\u00bb sticky_transition=\u00a0\u00bbon\u00a0\u00bb][\/et_pb_slide][et_pb_slide heading=\u00a0\u00bb\u00c9tape 4 : LA COUTURE\u00a0\u00bb use_bg_overlay=\u00a0\u00bboff\u00a0\u00bb use_text_overlay=\u00a0\u00bbon\u00a0\u00bb text_overlay_color=\u00a0\u00bbrgba(97,84,102,0.4)\u00a0\u00bb _builder_version=\u00a0\u00bb4.25.1&Prime; _module_preset=\u00a0\u00bbdefault\u00a0\u00bb body_font_size=\u00a0\u00bb20px\u00a0\u00bb background_color=\u00a0\u00bbrgba(97,84,102,0.4)\u00a0\u00bb background_enable_color=\u00a0\u00bbon\u00a0\u00bb background_video_mp4=\u00a0\u00bbhttps:\/\/nodiatelier.fr\/wp-content\/uploads\/2021\/12\/AACB7840-22EB-4885-B6E2-92A82A8B0E2E_2_0_a.mp4&Prime; background_enable_video_mp4=\u00a0\u00bbon\u00a0\u00bb header_font_size_tablet=\u00a0\u00bb\u00a0\u00bb header_font_size_phone=\u00a0\u00bb16px\u00a0\u00bb header_font_size_last_edited=\u00a0\u00bbon|phone\u00a0\u00bb body_font_size_tablet=\u00a0\u00bb20px\u00a0\u00bb body_font_size_phone=\u00a0\u00bb14px\u00a0\u00bb body_font_size_last_edited=\u00a0\u00bbon|phone\u00a0\u00bb global_colors_info=\u00a0\u00bb{}\u00a0\u00bb sticky_transition=\u00a0\u00bbon\u00a0\u00bb]<\/p>\n<p>L&rsquo;assemblage \u00e0 la main par \u00ab\u00a0<strong>grafting<\/strong>\u00ab\u00a0, une technique minutieuse qui recr\u00e9e un rang de tricot pour une couture presque <strong>invisible<\/strong>, <strong>r\u00e9versible<\/strong> et <strong>sans sur-\u00e9paisseur<\/strong>.<\/p>\n<p>[\/et_pb_slide][et_pb_slide heading=\u00a0\u00bb\u00c9tape 5 : L&rsquo;EMBALLAGE\u00a0\u00bb use_bg_overlay=\u00a0\u00bboff\u00a0\u00bb use_text_overlay=\u00a0\u00bbon\u00a0\u00bb text_overlay_color=\u00a0\u00bbrgba(97,84,102,0.4)\u00a0\u00bb _builder_version=\u00a0\u00bb4.25.1&Prime; _module_preset=\u00a0\u00bbdefault\u00a0\u00bb body_font_size=\u00a0\u00bb20px\u00a0\u00bb background_color=\u00a0\u00bbrgba(97,84,102,0.4)\u00a0\u00bb background_enable_color=\u00a0\u00bbon\u00a0\u00bb background_video_mp4=\u00a0\u00bbhttps:\/\/nodiatelier.fr\/wp-content\/uploads\/2021\/12\/20210304_151109.mp4&Prime; background_enable_video_mp4=\u00a0\u00bbon\u00a0\u00bb header_font_size_tablet=\u00a0\u00bb\u00a0\u00bb header_font_size_phone=\u00a0\u00bb16px\u00a0\u00bb header_font_size_last_edited=\u00a0\u00bbon|phone\u00a0\u00bb body_font_size_tablet=\u00a0\u00bb20px\u00a0\u00bb body_font_size_phone=\u00a0\u00bb14px\u00a0\u00bb body_font_size_last_edited=\u00a0\u00bbon|phone\u00a0\u00bb global_colors_info=\u00a0\u00bb{}\u00a0\u00bb sticky_transition=\u00a0\u00bbon\u00a0\u00bb]<\/p>\n<p>Pour un retrait \u00e0 l&rsquo;atelier ou une livraison chez vous.<\/p>\n<p>[\/et_pb_slide][\/et_pb_slider][\/et_pb_column][\/et_pb_row][et_pb_row _builder_version=\u00a0\u00bb4.16&Prime; _module_preset=\u00a0\u00bbdefault\u00a0\u00bb global_colors_info=\u00a0\u00bb{}\u00a0\u00bb][et_pb_column type=\u00a0\u00bb4_4&Prime; _builder_version=\u00a0\u00bb4.16&Prime; _module_preset=\u00a0\u00bbdefault\u00a0\u00bb global_colors_info=\u00a0\u00bb{}\u00a0\u00bb][et_pb_divider show_divider=\u00a0\u00bboff\u00a0\u00bb _builder_version=\u00a0\u00bb4.16&Prime; _module_preset=\u00a0\u00bbdefault\u00a0\u00bb global_colors_info=\u00a0\u00bb{}\u00a0\u00bb][\/et_pb_divider][\/et_pb_column][\/et_pb_row][et_pb_row _builder_version=\u00a0\u00bb4.16&Prime; _module_preset=\u00a0\u00bbdefault\u00a0\u00bb custom_margin=\u00a0\u00bb-38px|auto||auto||\u00a0\u00bb global_colors_info=\u00a0\u00bb{}\u00a0\u00bb][et_pb_column type=\u00a0\u00bb4_4&Prime; _builder_version=\u00a0\u00bb4.16&Prime; _module_preset=\u00a0\u00bbdefault\u00a0\u00bb global_colors_info=\u00a0\u00bb{}\u00a0\u00bb][et_pb_button button_url=\u00a0\u00bbhttps:\/\/nodiatelier.fr\/contact\/\u00a0\u00bb button_text=\u00a0\u00bbUne autre question ?\u00a0\u00bb button_alignment=\u00a0\u00bbcenter\u00a0\u00bb _builder_version=\u00a0\u00bb4.16&Prime; global_colors_info=\u00a0\u00bb{}\u00a0\u00bb][\/et_pb_button][\/et_pb_column][\/et_pb_row][\/et_pb_section]<\/p>\n","protected":false},"excerpt":{"rendered":"<p>Nodi AtelierUn artisan sp\u00e9cialiste de la maille pour cr\u00e9er votre pull d&rsquo;exceptionLes secrets de fabrication du snood75% mohair, 25% soie fabriqu\u00e9 en Italie. L\u00e9g\u00e8ret\u00e9, chaleur, douceur et lumi\u00e8re incomparable.sur un m\u00e9tier artisanal dans l&rsquo;atelier Nodi \u00e0 Arras.L&rsquo;assemblage \u00e0 la main par \u00ab\u00a0grafting\u00a0\u00bb, une technique minutieuse qui recr\u00e9e un rang de tricot pour une couture presque [&hellip;]<\/p>\n","protected":false},"author":7,"featured_media":0,"parent":0,"menu_order":0,"comment_status":"closed","ping_status":"closed","template":"","meta":{"_et_pb_use_builder":"on","_et_pb_old_content":"","_et_gb_content_width":"","footnotes":""},"class_list":["post-2681","page","type-page","status-publish","hentry"],"yoast_head":"<!-- This site is optimized with the Yoast SEO plugin v27.5 - https:\/\/yoast.com\/product\/yoast-seo-wordpress\/ -->\n<title>Les secrets de fabrication du snood - Nodi Atelier<\/title>\n<meta name=\"robots\" content=\"index, follow, max-snippet:-1, max-image-preview:large, max-video-preview:-1\" \/>\n<link rel=\"canonical\" href=\"https:\/\/nodiatelier.fr\/it\/les-secrets-de-fabrication-du-snood\/\" \/>\n<meta property=\"og:locale\" content=\"it_IT\" \/>\n<meta property=\"og:type\" content=\"article\" \/>\n<meta property=\"og:title\" content=\"Les secrets de fabrication du snood - Nodi Atelier\" \/>\n<meta property=\"og:description\" content=\"Nodi AtelierUn artisan sp\u00e9cialiste de la maille pour cr\u00e9er votre pull d&#039;exceptionLes secrets de fabrication du snood75% mohair, 25% soie fabriqu\u00e9 en Italie. L\u00e9g\u00e8ret\u00e9, chaleur, douceur et lumi\u00e8re incomparable.sur un m\u00e9tier artisanal dans l&#039;atelier Nodi \u00e0 Arras.L&#039;assemblage \u00e0 la main par &quot;grafting&quot;, une technique minutieuse qui recr\u00e9e un rang de tricot pour une couture presque [&hellip;]\" \/>\n<meta property=\"og:url\" content=\"https:\/\/nodiatelier.fr\/it\/les-secrets-de-fabrication-du-snood\/\" \/>\n<meta property=\"og:site_name\" content=\"Nodi Atelier\" \/>\n<meta property=\"article:modified_time\" content=\"2026-04-27T10:14:42+00:00\" \/>\n<meta name=\"twitter:card\" content=\"summary_large_image\" \/>\n<meta name=\"twitter:label1\" content=\"Tempo di lettura stimato\" \/>\n\t<meta name=\"twitter:data1\" content=\"2 minuti\" \/>\n<script type=\"application\/ld+json\" class=\"yoast-schema-graph\">{\"@context\":\"https:\\\/\\\/schema.org\",\"@graph\":[{\"@type\":\"WebPage\",\"@id\":\"https:\\\/\\\/nodiatelier.fr\\\/les-secrets-de-fabrication-du-snood\\\/\",\"url\":\"https:\\\/\\\/nodiatelier.fr\\\/les-secrets-de-fabrication-du-snood\\\/\",\"name\":\"Les secrets de fabrication du snood - Nodi Atelier\",\"isPartOf\":{\"@id\":\"https:\\\/\\\/nodiatelier.fr\\\/#website\"},\"datePublished\":\"2021-12-02T15:42:55+00:00\",\"dateModified\":\"2026-04-27T10:14:42+00:00\",\"breadcrumb\":{\"@id\":\"https:\\\/\\\/nodiatelier.fr\\\/les-secrets-de-fabrication-du-snood\\\/#breadcrumb\"},\"inLanguage\":\"it-IT\",\"potentialAction\":[{\"@type\":\"ReadAction\",\"target\":[\"https:\\\/\\\/nodiatelier.fr\\\/les-secrets-de-fabrication-du-snood\\\/\"]}]},{\"@type\":\"BreadcrumbList\",\"@id\":\"https:\\\/\\\/nodiatelier.fr\\\/les-secrets-de-fabrication-du-snood\\\/#breadcrumb\",\"itemListElement\":[{\"@type\":\"ListItem\",\"position\":1,\"name\":\"Accueil\",\"item\":\"https:\\\/\\\/nodiatelier.fr\\\/\"},{\"@type\":\"ListItem\",\"position\":2,\"name\":\"Les secrets de fabrication du snood\"}]},{\"@type\":\"WebSite\",\"@id\":\"https:\\\/\\\/nodiatelier.fr\\\/#website\",\"url\":\"https:\\\/\\\/nodiatelier.fr\\\/\",\"name\":\"Nodi Atelier\",\"description\":\"Un artisan sp\u00e9cialiste de la maille pour cr\u00e9er votre vetement d\u2019exception\",\"potentialAction\":[{\"@type\":\"SearchAction\",\"target\":{\"@type\":\"EntryPoint\",\"urlTemplate\":\"https:\\\/\\\/nodiatelier.fr\\\/?s={search_term_string}\"},\"query-input\":{\"@type\":\"PropertyValueSpecification\",\"valueRequired\":true,\"valueName\":\"search_term_string\"}}],\"inLanguage\":\"it-IT\"}]}<\/script>\n<!-- \/ Yoast SEO plugin. -->","yoast_head_json":{"title":"Les secrets de fabrication du snood - Nodi Atelier","robots":{"index":"index","follow":"follow","max-snippet":"max-snippet:-1","max-image-preview":"max-image-preview:large","max-video-preview":"max-video-preview:-1"},"canonical":"https:\/\/nodiatelier.fr\/it\/les-secrets-de-fabrication-du-snood\/","og_locale":"it_IT","og_type":"article","og_title":"Les secrets de fabrication du snood - Nodi Atelier","og_description":"Nodi AtelierUn artisan sp\u00e9cialiste de la maille pour cr\u00e9er votre pull d'exceptionLes secrets de fabrication du snood75% mohair, 25% soie fabriqu\u00e9 en Italie. L\u00e9g\u00e8ret\u00e9, chaleur, douceur et lumi\u00e8re incomparable.sur un m\u00e9tier artisanal dans l'atelier Nodi \u00e0 Arras.L'assemblage \u00e0 la main par \"grafting\", une technique minutieuse qui recr\u00e9e un rang de tricot pour une couture presque [&hellip;]","og_url":"https:\/\/nodiatelier.fr\/it\/les-secrets-de-fabrication-du-snood\/","og_site_name":"Nodi Atelier","article_modified_time":"2026-04-27T10:14:42+00:00","twitter_card":"summary_large_image","twitter_misc":{"Tempo di lettura stimato":"2 minuti"},"schema":{"@context":"https:\/\/schema.org","@graph":[{"@type":"WebPage","@id":"https:\/\/nodiatelier.fr\/les-secrets-de-fabrication-du-snood\/","url":"https:\/\/nodiatelier.fr\/les-secrets-de-fabrication-du-snood\/","name":"Les secrets de fabrication du snood - Nodi Atelier","isPartOf":{"@id":"https:\/\/nodiatelier.fr\/#website"},"datePublished":"2021-12-02T15:42:55+00:00","dateModified":"2026-04-27T10:14:42+00:00","breadcrumb":{"@id":"https:\/\/nodiatelier.fr\/les-secrets-de-fabrication-du-snood\/#breadcrumb"},"inLanguage":"it-IT","potentialAction":[{"@type":"ReadAction","target":["https:\/\/nodiatelier.fr\/les-secrets-de-fabrication-du-snood\/"]}]},{"@type":"BreadcrumbList","@id":"https:\/\/nodiatelier.fr\/les-secrets-de-fabrication-du-snood\/#breadcrumb","itemListElement":[{"@type":"ListItem","position":1,"name":"Accueil","item":"https:\/\/nodiatelier.fr\/"},{"@type":"ListItem","position":2,"name":"Les secrets de fabrication du snood"}]},{"@type":"WebSite","@id":"https:\/\/nodiatelier.fr\/#website","url":"https:\/\/nodiatelier.fr\/","name":"Nodi Atelier","description":"Un artisan sp\u00e9cialiste de la maille pour cr\u00e9er votre vetement d\u2019exception","potentialAction":[{"@type":"SearchAction","target":{"@type":"EntryPoint","urlTemplate":"https:\/\/nodiatelier.fr\/?s={search_term_string}"},"query-input":{"@type":"PropertyValueSpecification","valueRequired":true,"valueName":"search_term_string"}}],"inLanguage":"it-IT"}]}},"_links":{"self":[{"href":"https:\/\/nodiatelier.fr\/it\/wp-json\/wp\/v2\/pages\/2681","targetHints":{"allow":["GET"]}}],"collection":[{"href":"https:\/\/nodiatelier.fr\/it\/wp-json\/wp\/v2\/pages"}],"about":[{"href":"https:\/\/nodiatelier.fr\/it\/wp-json\/wp\/v2\/types\/page"}],"author":[{"embeddable":true,"href":"https:\/\/nodiatelier.fr\/it\/wp-json\/wp\/v2\/users\/7"}],"replies":[{"embeddable":true,"href":"https:\/\/nodiatelier.fr\/it\/wp-json\/wp\/v2\/comments?post=2681"}],"version-history":[{"count":30,"href":"https:\/\/nodiatelier.fr\/it\/wp-json\/wp\/v2\/pages\/2681\/revisions"}],"predecessor-version":[{"id":15513,"href":"https:\/\/nodiatelier.fr\/it\/wp-json\/wp\/v2\/pages\/2681\/revisions\/15513"}],"wp:attachment":[{"href":"https:\/\/nodiatelier.fr\/it\/wp-json\/wp\/v2\/media?parent=2681"}],"curies":[{"name":"wp","href":"https:\/\/api.w.org\/{rel}","templated":true}]}}